{"id":23901,"date":"2026-02-15T20:40:03","date_gmt":"2026-02-15T20:40:03","guid":{"rendered":"https:\/\/goride.website\/?page_id=23901"},"modified":"2026-02-24T15:24:45","modified_gmt":"2026-02-24T15:24:45","slug":"descuento-taller","status":"publish","type":"page","link":"https:\/\/goride.website\/en\/descuento-taller\/","title":{"rendered":"Workshop discount"},"content":{"rendered":"<style>\n    :root {\n        --bg: #0B0B0D;\n        --panel: #121316;\n        --panel2: #16181D;\n        --line: rgba(255, 255, 255, .10);\n        --text: rgba(255, 255, 255, .92);\n        --muted: rgba(255, 255, 255, .70);\n        --green: #72CB17;\n        --green2: #338414;\n        --radius: 18px;\n        --shadow: 0 18px 60px rgba(0, 0, 0, .55)\n    }\n\n    .grlp {\n        background: radial-gradient(900px 500px at 15% 10%, rgba(114, 203, 23, .18), transparent 60%), radial-gradient(700px 420px at 90% 25%, rgba(114, 203, 23, .1), transparent 55%), linear-gradient(180deg, #070708 0, var(--bg) 55%, #070708 100%);\n        color: var(--text);\n        padding: 60px 18px 70px;\n        font-family: system-ui, -apple-system, Segoe UI, Roboto, Arial\n    }\n\n    .grlp .wrap {\n        max-width: 1180px;\n        margin: 0 auto\n    }\n\n    .grlp .top {\n        display: flex;\n        justify-content: space-between;\n        align-items: center;\n        gap: 12px;\n        margin-bottom: 18px\n    }\n\n    .grlp .brand {\n        display: flex;\n        align-items: center;\n        gap: 12px\n    }\n\n    .grlp .logo {\n        width: 44px;\n        height: 44px;\n        border-radius: 12px;\n        background: rgba(114, 203, 23, .12);\n        border: 1px solid rgba(114, 203, 23, .28);\n        display: flex;\n        align-items: center;\n        justify-content: center;\n        font-weight: 900\n    }\n\n    .grlp .pill {\n        font-size: 13px;\n        padding: 8px 12px;\n        border-radius: 999px;\n        border: 1px solid rgba(114, 203, 23, .25);\n        background: rgba(114, 203, 23, .1);\n        color: rgba(255, 255, 255, .86)\n    }\n\n    .grlp .hero {\n        border: 1px solid var(--line);\n        border-radius: var(--radius);\n        box-shadow: var(--shadow);\n        background: rgba(255, 255, 255, .03);\n        padding: 26px 22px;\n        position: relative;\n        overflow: hidden\n    }\n\n    .grlp .glow {\n        position: absolute;\n        inset: -60px -60px auto auto;\n        width: 360px;\n        height: 360px;\n        background: radial-gradient(circle, rgba(114, 203, 23, .22), transparent 62%);\n        pointer-events: none\n    }\n\n    .grlp h1 {\n        font-size: clamp(30px, 3.2vw, 44px);\n        line-height: 1.05;\n        margin: 10px 0 10px;\n        letter-spacing: -.6px;\n        font-weight: 900\n    }\n\n    .grlp h1 span {\n        color: var(--green)\n    }\n\n    .grlp .sub {\n        color: var(--muted);\n        font-size: 16px;\n        line-height: 1.6;\n        max-width: 70ch;\n        margin: 0 0 16px\n    }\n\n    .grlp .coupon {\n        display: flex;\n        gap: 14px;\n        flex-wrap: wrap;\n        align-items: center;\n        border: 1px solid rgba(114, 203, 23, .35);\n        background: rgba(114, 203, 23, .1);\n        border-radius: 16px;\n        padding: 14px\n    }\n\n    .grlp .off {\n        font-size: 26px;\n        font-weight: 950;\n        color: var(--green);\n        letter-spacing: -.4px\n    }\n\n    .grlp .cpnTxt b {\n        display: block;\n        font-size: 14px\n    }\n\n    .grlp .cpnTxt small {\n        display: block;\n        color: rgba(255, 255, 255, .75);\n        margin-top: 2px\n    }\n\n    .grlp .code {\n        margin-left: auto;\n        display: flex;\n        align-items: center;\n        gap: 10px;\n        flex-wrap: wrap\n    }\n\n    .grlp .code span {\n        font-size: 12px;\n        color: rgba(255, 255, 255, .75)\n    }\n\n    .grlp .code h1 {\n        \n        color: white Important!;\n    }\n\n    .grlp .codeBox {\n        padding: 10px 12px;\n        border-radius: 12px;\n        border: 1px dashed rgba(255, 255, 255, .2);\n        background: rgba(0, 0, 0, .25);\n        font-weight: 900;\n        letter-spacing: .8px\n    }\n\n    .grlp .grid2 {\n        display: grid;\n        grid-template-columns: 1fr 1fr;\n        gap: 14px;\n        margin-top: 16px\n    }\n\n    .grlp .card {\n        border: 1px solid rgba(255, 255, 255, .1);\n        background: rgba(0, 0, 0, .22);\n        border-radius: 16px;\n        padding: 14px\n    }\n\n    .grlp .card b {\n        display: block;\n        margin-bottom: 6px\n    }\n\n    .grlp .card p {\n        margin: 0;\n        color: var(--muted);\n        line-height: 1.55;\n        font-size: 14px\n    }\n\n    .grlp .ctaRow {\n        display: flex;\n        gap: 12px;\n        flex-wrap: wrap;\n        margin-top: 16px\n    }\n\n    .grlp .btn {\n        display: inline-flex;\n        align-items: center;\n        justify-content: center;\n        padding: 13px 16px;\n        border-radius: 14px;\n        text-decoration: none;\n        border: 1px solid rgba(255, 255, 255, .12);\n        background: rgba(255, 255, 255, .06);\n        color: rgba(255, 255, 255, .92);\n        font-weight: 800\n    }\n\n    .grlp .btn.primary {\n        background: linear-gradient(180deg, var(--green) 0, var(--green2) 100%);\n        border: 1px solid rgba(114, 203, 23, .55);\n        color: #071006\n    }\n\n    .grlp .section {\n        margin-top: 18px;\n        padding-top: 18px;\n        border-top: 1px solid rgba(255, 255, 255, .08)\n    }\n\n    .grlp h2 {\n        margin: 0 0 10px;\n        font-size: 20px;\n        font-weight: 900;\n        letter-spacing: -.3px\n    }\n    .grlp h1 {\n       color: white!important;\n    }\n\n    @media (max-width:920px) {\n        .grlp .grid2 {\n            grid-template-columns: 1fr\n        }\n\n        .grlp .code {\n            margin-left: 0\n        }\n    }\n    \/* ======================================\n   FULL WIDTH GLOBAL (Automobile Hub)\n   ====================================== *\/\n\n\/* Quitar l\u00edmite de ancho del contenedor *\/\n#main-content.container,\n.container {\n    max-width: 100% !important;\n    width: 100% !important;\n    padding-left: 0 !important;\n    padding-right: 0 !important;\n}\n\n\/* Quitar padding superior del section #about *\/\n#about {\n    padding-top: 0 !important;\n}\n\n\/* Si quieres quitar TODO padding vertical *\/\n#about {\n    padding: 0 !important;\n}\n<\/style>\n\n<section class=\"grlp\">\n    <div class=\"wrap\">\n\n        <div class=\"top\">\n            <div class=\"brand\">\n                <div class=\"logo\">GR<\/div>\n                <div style=\"font-weight:900;\">GoRide<\/div>\n            <\/div>\n            <div class=\"pill\">Benefits for users<\/div>\n        <\/div>\n\n        <div class=\"hero\">\n            <div class=\"glow\"><\/div>\n\n            <h1>Your coupon GoRide: <span>20% OFF<\/span><\/h1>\n            <p class=\"sub\">\n                As a GoRide user, you have <b>20% off<\/b> in <b>General Inspection<\/b> and <b>Oil change<\/b>. Taller 136 Knapp Ave Clifton <a href=\"https:\/\/maps.app.goo.gl\/1uKFpEXE2WfvizEB7\">Google Maps<a\/>\n   <\/p>\n\n            <div class=\"coupon\">\n                <div class=\"off\">20% OFF<\/div>\n                <div class=\"cpnTxt\">\n                    <b>General Inspection + Oil Change<\/b>\n                    <small>Valid for GoRide users \u2022 Limited slots available each week<\/small>\n                <\/div>\n                <div class=\"code\">\n                    <span>Cup\u00f3n:<\/span>\n                    <div class=\"codeBox\">GORIDE202026<\/div>\n                <\/div>\n            <\/div>\n\n            <div class=\"ctaRow\">\n                <a class=\"btn primary\" target=\"_blank\" href=\"https:\/\/api.whatsapp.com\/send?phone=18628992113&#038;text=Hello\">Schedule via WhatsApp<\/a>\n            <\/div>\n\n            <div class=\"section\">\n                <h2 style=\"color: white;\">What's included?<\/h2>\n                <div class=\"grid2\">\n                    <div class=\"card\">\n                        <b style=\"color: white;\">General Inspection<\/b>\n                        <p>Check of key items (lights, fluids, brakes, tires, fluid levels, and general observations) to identify potential risks early on.<\/p>\n                    <\/div>\n                    <div class=\"card\">\n                        <b style=\"color: white;\">Oil change<\/b>\n                        <p>Oil change and basic inspection. We'll recommend the best oil for your vehicle.<\/p>\n                    <\/div>\n                <\/div>\n            <\/div>\n<!---\n            <div class=\"ctaRow\" style=\"margin-top:14px;\">\n                <a class=\"btn primary\" href=\"#agendar\">Agendar ahora<\/a>\n                <a class=\"btn\" href=\"tel:+57XXXXXXXXXX\">Llamar<\/a>\n            <\/div>-->\n        <\/div>\n\n    <\/div>\n<\/section>","protected":false},"excerpt":{"rendered":"<p>GR GoRide Beneficio para usuarios Tu cup\u00f3n GoRide: 20% OFF Por ser usuario GoRide, tienes 20% de descuento en Inspecci\u00f3n General y Cambio de Aceite. Taller 136 Knapp Ave Clifton Google Maps 20% OFF Inspecci\u00f3n General + Cambio de Aceite V\u00e1lido para usuarios GoRide \u2022Cupos limitados por semana Cup\u00f3n: GORIDE202026 Agendar con WhatsApp \u00bfQu\u00e9 incluye? [&hellip;]<\/p>\n","protected":false},"author":1,"featured_media":0,"parent":0,"menu_order":0,"comment_status":"closed","ping_status":"closed","template":"","meta":{"nf_dc_page":"","footnotes":""},"class_list":["post-23901","page","type-page","status-publish","hentry"],"_links":{"self":[{"href":"https:\/\/goride.website\/en\/wp-json\/wp\/v2\/pages\/23901","targetHints":{"allow":["GET"]}}],"collection":[{"href":"https:\/\/goride.website\/en\/wp-json\/wp\/v2\/pages"}],"about":[{"href":"https:\/\/goride.website\/en\/wp-json\/wp\/v2\/types\/page"}],"author":[{"embeddable":true,"href":"https:\/\/goride.website\/en\/wp-json\/wp\/v2\/users\/1"}],"replies":[{"embeddable":true,"href":"https:\/\/goride.website\/en\/wp-json\/wp\/v2\/comments?post=23901"}],"version-history":[{"count":5,"href":"https:\/\/goride.website\/en\/wp-json\/wp\/v2\/pages\/23901\/revisions"}],"predecessor-version":[{"id":24085,"href":"https:\/\/goride.website\/en\/wp-json\/wp\/v2\/pages\/23901\/revisions\/24085"}],"wp:attachment":[{"href":"https:\/\/goride.website\/en\/wp-json\/wp\/v2\/media?parent=23901"}],"curies":[{"name":"wp","href":"https:\/\/api.w.org\/{rel}","templated":true}]}}